{"id":71,"date":"2017-05-16T22:07:49","date_gmt":"2017-05-16T22:07:49","guid":{"rendered":"http:\/\/energetika-juric.com\/?page_id=71\/"},"modified":"2017-05-17T09:44:27","modified_gmt":"2017-05-17T09:44:27","slug":"usluge","status":"publish","type":"page","link":"https:\/\/energetika-juric.com\/hr\/usluge\/","title":{"rendered":"Usluge"},"content":{"rendered":"<h2>Industrijski servis<\/h2>\n<p>Prilago\u0111eni smo potrebama klijenata koji definiraju opseg poslova, a mo\u017eemo obra\u0111ivati sve vrste materijala.<\/p>\n<p>Na\u0161e usluge obuhva\u0107aju: planiranje, kalkulaciju, proizvodnju, isporuku, monta\u017eu, dokumentaciju, kompletan servis, popravke, inspekcije i odr\u017eavanje.<\/p>\n<h2>Izgradnja industrijskih postrojenja<\/h2>\n<p>Energetika Juri\u0107 nudi potpuno planiranje i provedbu svih usluga potrebnih za rad postrojenja. Zbog svojeg dugogodi\u0161njeg iskustva u zavarivanju i s cjevarijom u izgradnjama industrijskih postrojenja, mo\u017eemo re\u0107i da smo pouzdani, kompetentni i povoljni partneri.<\/p>\n<ul class=\"style\">\n<li>Planiranje<\/li>\n<li>Kalkulacija i izgradnja<\/li>\n<li>Terminski plan monta\u017ea<\/li>\n<li>Dokumentacija<\/li>\n<li>Osiguranje kvalitete<\/li>\n<\/ul>\n<h2>Izgradnja cjevovoda<\/h2>\n<p>Nudimo kompletnu izgradnju cjevovoda uklju\u010duju\u0107i izometriju, planiranje monta\u017ee, obradu cijevi i dokumentaciju. Monta\u017ea cjevovoda dovedena je na izuzetno visoku\u00a0razinu zbog organizacije radova, kvalitete\u00a0izvedbe radova i po\u0161tivanja zadanih rokova. Visoka stru\u010dnost na\u0161ih djelatnika prisutna je u svim fazama gradnje.<\/p>\n<h2>Proizvodnja i monta\u017ea<\/h2>\n<p>Na\u0161i se klijenti mogu u potpunosti osloniti na na\u0161e kvalificirano osoblje kad je rije\u010d o proizvodnji metalnih konstrukcija. Proizvodimo metalne konstrukcije za razli\u010dite primjene.<\/p>\n<p>Na\u0161e usluge obuhva\u0107aju:<\/p>\n<ul class=\"style\">\n<li>kalkulaciju,<\/li>\n<li>proizvodnju,<\/li>\n<li>dokumentaciju,<\/li>\n<li>isporuku i<\/li>\n<li>monta\u017eu.<\/li>\n<\/ul>\n","protected":false},"excerpt":{"rendered":"<p>Industrijski servis Prilago\u0111eni smo potrebama klijenata koji definiraju opseg poslova, a mo\u017eemo obra\u0111ivati sve vrste materijala. Na\u0161e usluge obuhva\u0107aju: planiranje, kalkulaciju, proizvodnju, isporuku, monta\u017eu, dokumentaciju, kompletan servis, popravke, inspekcije i odr\u017eavanje. Izgradnja industrijskih postrojenja Energetika Juri\u0107 nudi potpuno planiranje i provedbu svih usluga potrebnih za rad postrojenja. Zbog svojeg dugogodi\u0161njeg iskustva u zavarivanju i s&#8230;<\/p>\n","protected":false},"author":1,"featured_media":0,"parent":0,"menu_order":0,"comment_status":"closed","ping_status":"closed","template":"","meta":{"footnotes":""},"class_list":["post-71","page","type-page","status-publish","hentry"],"_links":{"self":[{"href":"https:\/\/energetika-juric.com\/hr\/wp-json\/wp\/v2\/pages\/71","targetHints":{"allow":["GET"]}}],"collection":[{"href":"https:\/\/energetika-juric.com\/hr\/wp-json\/wp\/v2\/pages"}],"about":[{"href":"https:\/\/energetika-juric.com\/hr\/wp-json\/wp\/v2\/types\/page"}],"author":[{"embeddable":true,"href":"https:\/\/energetika-juric.com\/hr\/wp-json\/wp\/v2\/users\/1"}],"replies":[{"embeddable":true,"href":"https:\/\/energetika-juric.com\/hr\/wp-json\/wp\/v2\/comments?post=71"}],"version-history":[{"count":5,"href":"https:\/\/energetika-juric.com\/hr\/wp-json\/wp\/v2\/pages\/71\/revisions"}],"predecessor-version":[{"id":151,"href":"https:\/\/energetika-juric.com\/hr\/wp-json\/wp\/v2\/pages\/71\/revisions\/151"}],"wp:attachment":[{"href":"https:\/\/energetika-juric.com\/hr\/wp-json\/wp\/v2\/media?parent=71"}],"curies":[{"name":"wp","href":"https:\/\/api.w.org\/{rel}","templated":true}]}}