{"id":67,"date":"2017-05-16T22:07:34","date_gmt":"2017-05-16T22:07:34","guid":{"rendered":"http:\/\/energetika-juric.com\/?page_id=67\/"},"modified":"2017-08-03T07:58:23","modified_gmt":"2017-08-03T07:58:23","slug":"reference","status":"publish","type":"page","link":"https:\/\/energetika-juric.com\/hr\/reference\/","title":{"rendered":"Reference"},"content":{"rendered":"<ul class=\"style references\">\n<li><strong>Belgija, Mons<\/strong><br \/>\nOpseg posla: Zavarivanje cjevovoda i izolacija<\/li>\n<li><strong>Bjelorusija, Grodno<\/strong><br \/>\nOpseg posla: Demonta\u017ea i Monta\u017ea Pe\u0107i<\/li>\n<li><strong>Brunei, Liang<\/strong><br \/>\nOpseg posla: Popravci na<\/p>\n<ul>\n<li>Razdjelnik<\/li>\n<li>Parne cijevi<\/li>\n<\/ul>\n<\/li>\n<li><strong>Egipat, Alexandria, Suez<\/strong><br \/>\nOpseg posla: Popravak<\/p>\n<ul>\n<li>Parne cijevi<\/li>\n<\/ul>\n<\/li>\n<li><strong>Finska, Porvoo<\/strong><br \/>\nOpseg posla: zavarivanje cjevovoda<\/li>\n<li><strong>Hrvatska, Zagreb<\/strong><br \/>\nOpseg posla: Proizvodnja metalnih konstrukcija<\/li>\n<li><strong>Indonezija, Cikarang- Bekasi<\/strong><br \/>\nOpseg posla: Popravak cjevovoda<\/li>\n<li><strong>Nizozemska, Rotterdam<\/strong><br \/>\nOpseg posla: Monta\u017ea pe\u0107i<\/li>\n<li><strong>Njema\u010dka<\/strong><br \/>\nOpseg posla: Izgradnja postrojenja, Industrijski servis, izgradnja cjevovoda, Proizvodnja, Demonta\u017ea i Monta\u017ea.<\/li>\n<li><strong>Oman, Falaj Al Qabail<\/strong><br \/>\nOpseg posla: Popravak i monta\u017ea pe\u0107i<\/p>\n<ul>\n<li>Zavojnica<\/li>\n<li>Razdjelnik<\/li>\n<li>Parne cijevi<\/li>\n<\/ul>\n<\/li>\n<li><strong>Saudijska Arabija, Yanbu<\/strong><br \/>\nOpseg posla: Monta\u017ea pe\u0107i<\/li>\n<li><strong>Tajland, Rayong<\/strong><br \/>\nOpseg posla: Demonta\u017ea i Monta\u017ea pe\u0107i<\/li>\n<\/ul>\n<h2 class=\"entry-title\">Foto galerija<\/h2>\n<div id=\"gridzy-67p1\" class=\"gridzy gridzyClassic gridzyAnimated\" data-gridzy-options=\"{&quot;desiredElementHeight&quot;:200,&quot;spaceBetweenElements&quot;:1}\" data-gridzy-photoswipe=\"true\"><a href=\"https:\/\/energetika-juric.com\/wp-content\/uploads\/2017\/05\/energetika-juric-5-1.jpg\" style=\"border: 0; visibility: hidden; \" data-id=\"262\" data-size=\"1052x675\"><img decoding=\"async\" src=\"https:\/\/energetika-juric.com\/wp-content\/uploads\/2017\/05\/energetika-juric-5-1-740x420.jpg\" alt=\"\" \/>\n<span><\/span>\n<\/a><\/div>\n","protected":false},"excerpt":{"rendered":"<p>Belgija, Mons Opseg posla: Zavarivanje cjevovoda i izolacija Bjelorusija, Grodno Opseg posla: Demonta\u017ea i Monta\u017ea Pe\u0107i Brunei, Liang Opseg posla: Popravci na Razdjelnik Parne cijevi Egipat, Alexandria, Suez Opseg posla: Popravak Parne cijevi Finska, Porvoo Opseg posla: zavarivanje cjevovoda Hrvatska, Zagreb Opseg posla: Proizvodnja metalnih konstrukcija Indonezija, Cikarang- Bekasi Opseg posla: Popravak cjevovoda Nizozemska, Rotterdam&#8230;<\/p>\n","protected":false},"author":1,"featured_media":0,"parent":0,"menu_order":0,"comment_status":"closed","ping_status":"closed","template":"","meta":{"footnotes":""},"class_list":["post-67","page","type-page","status-publish","hentry"],"_links":{"self":[{"href":"https:\/\/energetika-juric.com\/hr\/wp-json\/wp\/v2\/pages\/67","targetHints":{"allow":["GET"]}}],"collection":[{"href":"https:\/\/energetika-juric.com\/hr\/wp-json\/wp\/v2\/pages"}],"about":[{"href":"https:\/\/energetika-juric.com\/hr\/wp-json\/wp\/v2\/types\/page"}],"author":[{"embeddable":true,"href":"https:\/\/energetika-juric.com\/hr\/wp-json\/wp\/v2\/users\/1"}],"replies":[{"embeddable":true,"href":"https:\/\/energetika-juric.com\/hr\/wp-json\/wp\/v2\/comments?post=67"}],"version-history":[{"count":17,"href":"https:\/\/energetika-juric.com\/hr\/wp-json\/wp\/v2\/pages\/67\/revisions"}],"predecessor-version":[{"id":275,"href":"https:\/\/energetika-juric.com\/hr\/wp-json\/wp\/v2\/pages\/67\/revisions\/275"}],"wp:attachment":[{"href":"https:\/\/energetika-juric.com\/hr\/wp-json\/wp\/v2\/media?parent=67"}],"curies":[{"name":"wp","href":"https:\/\/api.w.org\/{rel}","templated":true}]}}