{"id":36,"date":"2017-05-16T12:48:58","date_gmt":"2017-05-16T12:48:58","guid":{"rendered":"http:\/\/energetika-juric.com\/o-nama\/vizija\/"},"modified":"2017-05-16T20:36:50","modified_gmt":"2017-05-16T20:36:50","slug":"vizija","status":"publish","type":"page","link":"https:\/\/energetika-juric.com\/hr\/o-nama\/vizija\/","title":{"rendered":"Vizija"},"content":{"rendered":"<p>\u017delimo izgraditi odr\u017eivo dru\u0161tvo kako bismo postigli ve\u0107i napredak, tj. stvoriti strukturirano poduze\u0107e koje pru\u017ea cjelovite i kvalitetne usluge in\u017eenjeringa, proizvodnje i izgradnje te mo\u017ee pratiti najnovije trendove na najzahtjevnijim projektima i proizvodima, pri \u010demu ula\u017eemo u \u0161kolovanje radnika.<\/p>\n","protected":false},"excerpt":{"rendered":"<p>\u017delimo izgraditi odr\u017eivo dru\u0161tvo kako bismo postigli ve\u0107i napredak, tj. stvoriti strukturirano poduze\u0107e koje pru\u017ea cjelovite i kvalitetne usluge in\u017eenjeringa, proizvodnje i izgradnje te mo\u017ee pratiti najnovije trendove na najzahtjevnijim projektima i proizvodima, pri \u010demu ula\u017eemo u \u0161kolovanje radnika.<\/p>\n","protected":false},"author":1,"featured_media":0,"parent":24,"menu_order":0,"comment_status":"closed","ping_status":"closed","template":"","meta":{"footnotes":""},"class_list":["post-36","page","type-page","status-publish","hentry"],"_links":{"self":[{"href":"https:\/\/energetika-juric.com\/hr\/wp-json\/wp\/v2\/pages\/36","targetHints":{"allow":["GET"]}}],"collection":[{"href":"https:\/\/energetika-juric.com\/hr\/wp-json\/wp\/v2\/pages"}],"about":[{"href":"https:\/\/energetika-juric.com\/hr\/wp-json\/wp\/v2\/types\/page"}],"author":[{"embeddable":true,"href":"https:\/\/energetika-juric.com\/hr\/wp-json\/wp\/v2\/users\/1"}],"replies":[{"embeddable":true,"href":"https:\/\/energetika-juric.com\/hr\/wp-json\/wp\/v2\/comments?post=36"}],"version-history":[{"count":3,"href":"https:\/\/energetika-juric.com\/hr\/wp-json\/wp\/v2\/pages\/36\/revisions"}],"predecessor-version":[{"id":53,"href":"https:\/\/energetika-juric.com\/hr\/wp-json\/wp\/v2\/pages\/36\/revisions\/53"}],"up":[{"embeddable":true,"href":"https:\/\/energetika-juric.com\/hr\/wp-json\/wp\/v2\/pages\/24"}],"wp:attachment":[{"href":"https:\/\/energetika-juric.com\/hr\/wp-json\/wp\/v2\/media?parent=36"}],"curies":[{"name":"wp","href":"https:\/\/api.w.org\/{rel}","templated":true}]}}