{"id":24,"date":"2017-05-16T12:13:30","date_gmt":"2017-05-16T12:13:30","guid":{"rendered":"http:\/\/energetika-juric.com\/o-nama\/"},"modified":"2017-05-16T20:34:43","modified_gmt":"2017-05-16T20:34:43","slug":"o-nama","status":"publish","type":"page","link":"https:\/\/energetika-juric.com\/hr\/o-nama\/","title":{"rendered":"O nama"},"content":{"rendered":"<p>Tvrtka Energetika Juri\u0107 d.o.o. osnovana je 2011. godine u Zagrebu. Njezine su glavne djelatnosti poslovi zavarivanja, proizvodnja metalnih konstrukcija te izgradnja industrijskih postrojenja \u2013 petrokemijskih, energetskih i industrijskih.<\/p>\n<p>Raspola\u017eemo visoko kvalificiranim stru\u010dnjacima u podru\u010djima monta\u017ee, demonta\u017ee i predfabrikacije cjevovoda.<\/p>\n<p>Osim stru\u010dnog znanja na\u0161eg osoblja, opreme i proizvodnih sposobnosti za proizvodni rad u in\u017eenjeringu, u mogu\u0107nosti smo ponuditi sljede\u0107e kapacitete osoblja:<\/p>\n<ul class=\"style\">\n<li>bravare<\/li>\n<li>cjevare ISO<\/li>\n<li>elektri\u010dne zavariva\u010de REL<\/li>\n<li>zavariva\u010de MIG<\/li>\n<li>MAG<\/li>\n<li>zavariva\u010de TIG (ogledalo)<\/li>\n<\/ul>\n<p>Svi zavariva\u010di posjeduju odgovaraju\u0107i certifikat (T\u00dcV).<\/p>\n<p>Na\u0161e osoblje ima vi\u0161egodi\u0161nje iskustvo u radu na zahtjevnim projektima i stoga mo\u017eemo izi\u0107i u susret izazovima na\u0161ih klijenata koji dolaze iz razli\u010ditih industrijskih podru\u010dja. Energetika Juri\u0107 odr\u017eavanjem i modernizacijom industrijskih postrojenja i proizvodnjom komponenata daje va\u017ean doprinos i podr\u017eava klijente u zemlji i inozemstvu. Zahvaljuju\u0107i kvalitetnom radu i bliskoj suradnji s na\u0161im klijentima, stekli smo iskustvo u radu na postrojenjima u cijelom svijetu.<\/p>\n","protected":false},"excerpt":{"rendered":"<p>Tvrtka Energetika Juri\u0107 d.o.o. osnovana je 2011. godine u Zagrebu. Njezine su glavne djelatnosti poslovi zavarivanja, proizvodnja metalnih konstrukcija te izgradnja industrijskih postrojenja \u2013 petrokemijskih, energetskih i industrijskih. Raspola\u017eemo visoko kvalificiranim stru\u010dnjacima u podru\u010djima monta\u017ee, demonta\u017ee i predfabrikacije cjevovoda. Osim stru\u010dnog znanja na\u0161eg osoblja, opreme i proizvodnih sposobnosti za proizvodni rad u in\u017eenjeringu, u mogu\u0107nosti&#8230;<\/p>\n","protected":false},"author":1,"featured_media":0,"parent":0,"menu_order":0,"comment_status":"closed","ping_status":"open","template":"","meta":{"footnotes":""},"class_list":["post-24","page","type-page","status-publish","hentry"],"_links":{"self":[{"href":"https:\/\/energetika-juric.com\/hr\/wp-json\/wp\/v2\/pages\/24","targetHints":{"allow":["GET"]}}],"collection":[{"href":"https:\/\/energetika-juric.com\/hr\/wp-json\/wp\/v2\/pages"}],"about":[{"href":"https:\/\/energetika-juric.com\/hr\/wp-json\/wp\/v2\/types\/page"}],"author":[{"embeddable":true,"href":"https:\/\/energetika-juric.com\/hr\/wp-json\/wp\/v2\/users\/1"}],"replies":[{"embeddable":true,"href":"https:\/\/energetika-juric.com\/hr\/wp-json\/wp\/v2\/comments?post=24"}],"version-history":[{"count":4,"href":"https:\/\/energetika-juric.com\/hr\/wp-json\/wp\/v2\/pages\/24\/revisions"}],"predecessor-version":[{"id":50,"href":"https:\/\/energetika-juric.com\/hr\/wp-json\/wp\/v2\/pages\/24\/revisions\/50"}],"wp:attachment":[{"href":"https:\/\/energetika-juric.com\/hr\/wp-json\/wp\/v2\/media?parent=24"}],"curies":[{"name":"wp","href":"https:\/\/api.w.org\/{rel}","templated":true}]}}